{"id":1215,"date":"2019-08-11T21:44:09","date_gmt":"2019-08-11T18:44:09","guid":{"rendered":"https:\/\/www.narvaauto.ee\/zapros-ceny\/"},"modified":"2020-05-28T13:25:29","modified_gmt":"2020-05-28T10:25:29","slug":"hinnaparing","status":"publish","type":"page","link":"https:\/\/www.narvaauto.ee\/et\/hinnaparing\/","title":{"rendered":"Hinnap\u00e4ring"},"content":{"rendered":"<p>Kiire ja lihtne viis aubaveo hinna saamiseks. Saatke meile oma hinnap\u00e4ringut tasuta ja ilma kohustusteta. V\u00f5tame teiega viivitamatult \u00fchendust!<\/p>\n","protected":false},"excerpt":{"rendered":"<p>Kiire ja lihtne viis aubaveo hinna saamiseks. Saatke meile oma hinnap\u00e4ringut tasuta ja ilma kohustusteta. V\u00f5tame teiega viivitamatult \u00fchendust!<\/p>\n","protected":false},"author":1,"featured_media":0,"parent":0,"menu_order":8,"comment_status":"closed","ping_status":"closed","template":"","meta":{"footnotes":""},"class_list":["post-1215","page","type-page","status-publish","hentry"],"yoast_head":"<!-- This site is optimized with the Yoast SEO plugin v25.6 - https:\/\/yoast.com\/wordpress\/plugins\/seo\/ -->\n<title>Hinnap\u00e4ring | Narva Auto AS<\/title>\n<meta name=\"description\" content=\"Hankige transiiditeenuse hinnapakkumine kiiresti ja h\u00f5lpsalt. Palun saatke meile oma p\u00e4ring tasuta. V\u00f5tame \u00fchendust!\" \/>\n<meta name=\"robots\" content=\"index, follow, max-snippet:-1, max-image-preview:large, max-video-preview:-1\" \/>\n<link rel=\"canonical\" href=\"https:\/\/www.narvaauto.ee\/et\/hinnaparing\/\" \/>\n<meta property=\"og:locale\" content=\"et_EE\" \/>\n<meta property=\"og:type\" content=\"article\" \/>\n<meta property=\"og:title\" content=\"Hinnap\u00e4ring | Narva Auto AS\" \/>\n<meta property=\"og:description\" content=\"Hankige transiiditeenuse hinnapakkumine kiiresti ja h\u00f5lpsalt. Palun saatke meile oma p\u00e4ring tasuta. V\u00f5tame \u00fchendust!\" \/>\n<meta property=\"og:url\" content=\"https:\/\/www.narvaauto.ee\/et\/hinnaparing\/\" \/>\n<meta property=\"og:site_name\" content=\"Narva Auto AS\" \/>\n<meta property=\"article:publisher\" content=\"https:\/\/www.facebook.com\/narvaauto.ee\" \/>\n<meta property=\"article:modified_time\" content=\"2020-05-28T10:25:29+00:00\" \/>\n<meta property=\"og:image\" content=\"https:\/\/www.narvaauto.ee\/wp-content\/uploads\/2020\/04\/70665_0d43262fa1283f6901d903dae888df33a3c9d42b.jpg\" \/>\n\t<meta property=\"og:image:width\" content=\"800\" \/>\n\t<meta property=\"og:image:height\" content=\"540\" \/>\n\t<meta property=\"og:image:type\" content=\"image\/jpeg\" \/>\n<meta name=\"twitter:card\" content=\"summary_large_image\" \/>\n<script type=\"application\/ld+json\" class=\"yoast-schema-graph\">{\"@context\":\"https:\/\/schema.org\",\"@graph\":[{\"@type\":\"WebPage\",\"@id\":\"https:\/\/www.narvaauto.ee\/et\/hinnaparing\/\",\"url\":\"https:\/\/www.narvaauto.ee\/et\/hinnaparing\/\",\"name\":\"Hinnap\u00e4ring | Narva Auto AS\",\"isPartOf\":{\"@id\":\"https:\/\/www.narvaauto.ee\/et\/#website\"},\"datePublished\":\"2019-08-11T18:44:09+00:00\",\"dateModified\":\"2020-05-28T10:25:29+00:00\",\"description\":\"Hankige transiiditeenuse hinnapakkumine kiiresti ja h\u00f5lpsalt. Palun saatke meile oma p\u00e4ring tasuta. V\u00f5tame \u00fchendust!\",\"breadcrumb\":{\"@id\":\"https:\/\/www.narvaauto.ee\/et\/hinnaparing\/#breadcrumb\"},\"inLanguage\":\"et\",\"potentialAction\":[{\"@type\":\"ReadAction\",\"target\":[\"https:\/\/www.narvaauto.ee\/et\/hinnaparing\/\"]}]},{\"@type\":\"BreadcrumbList\",\"@id\":\"https:\/\/www.narvaauto.ee\/et\/hinnaparing\/#breadcrumb\",\"itemListElement\":[{\"@type\":\"ListItem\",\"position\":1,\"name\":\"Koduleht\",\"item\":\"https:\/\/www.narvaauto.ee\/et\/\"},{\"@type\":\"ListItem\",\"position\":2,\"name\":\"Hinnap\u00e4ring\"}]},{\"@type\":\"WebSite\",\"@id\":\"https:\/\/www.narvaauto.ee\/et\/#website\",\"url\":\"https:\/\/www.narvaauto.ee\/et\/\",\"name\":\"Narva Auto AS\",\"description\":\"\",\"publisher\":{\"@id\":\"https:\/\/www.narvaauto.ee\/et\/#organization\"},\"potentialAction\":[{\"@type\":\"SearchAction\",\"target\":{\"@type\":\"EntryPoint\",\"urlTemplate\":\"https:\/\/www.narvaauto.ee\/et\/?s={search_term_string}\"},\"query-input\":{\"@type\":\"PropertyValueSpecification\",\"valueRequired\":true,\"valueName\":\"search_term_string\"}}],\"inLanguage\":\"et\"},{\"@type\":\"Organization\",\"@id\":\"https:\/\/www.narvaauto.ee\/et\/#organization\",\"name\":\"Narva Auto AS\",\"url\":\"https:\/\/www.narvaauto.ee\/et\/\",\"logo\":{\"@type\":\"ImageObject\",\"inLanguage\":\"et\",\"@id\":\"https:\/\/www.narvaauto.ee\/et\/#\/schema\/logo\/image\/\",\"url\":\"https:\/\/www.narvaauto.ee\/wp-content\/uploads\/2019\/08\/narvaauto.jpg\",\"contentUrl\":\"https:\/\/www.narvaauto.ee\/wp-content\/uploads\/2019\/08\/narvaauto.jpg\",\"width\":1000,\"height\":1000,\"caption\":\"Narva Auto AS\"},\"image\":{\"@id\":\"https:\/\/www.narvaauto.ee\/et\/#\/schema\/logo\/image\/\"},\"sameAs\":[\"https:\/\/www.facebook.com\/narvaauto.ee\",\"https:\/\/www.instagram.com\/narvaauto.ee\/\"]}]}<\/script>\n<!-- \/ Yoast SEO plugin. -->","yoast_head_json":{"title":"Hinnap\u00e4ring | Narva Auto AS","description":"Hankige transiiditeenuse hinnapakkumine kiiresti ja h\u00f5lpsalt. Palun saatke meile oma p\u00e4ring tasuta. V\u00f5tame \u00fchendust!","robots":{"index":"index","follow":"follow","max-snippet":"max-snippet:-1","max-image-preview":"max-image-preview:large","max-video-preview":"max-video-preview:-1"},"canonical":"https:\/\/www.narvaauto.ee\/et\/hinnaparing\/","og_locale":"et_EE","og_type":"article","og_title":"Hinnap\u00e4ring | Narva Auto AS","og_description":"Hankige transiiditeenuse hinnapakkumine kiiresti ja h\u00f5lpsalt. Palun saatke meile oma p\u00e4ring tasuta. V\u00f5tame \u00fchendust!","og_url":"https:\/\/www.narvaauto.ee\/et\/hinnaparing\/","og_site_name":"Narva Auto AS","article_publisher":"https:\/\/www.facebook.com\/narvaauto.ee","article_modified_time":"2020-05-28T10:25:29+00:00","og_image":[{"width":800,"height":540,"url":"https:\/\/www.narvaauto.ee\/wp-content\/uploads\/2020\/04\/70665_0d43262fa1283f6901d903dae888df33a3c9d42b.jpg","type":"image\/jpeg"}],"twitter_card":"summary_large_image","schema":{"@context":"https:\/\/schema.org","@graph":[{"@type":"WebPage","@id":"https:\/\/www.narvaauto.ee\/et\/hinnaparing\/","url":"https:\/\/www.narvaauto.ee\/et\/hinnaparing\/","name":"Hinnap\u00e4ring | Narva Auto AS","isPartOf":{"@id":"https:\/\/www.narvaauto.ee\/et\/#website"},"datePublished":"2019-08-11T18:44:09+00:00","dateModified":"2020-05-28T10:25:29+00:00","description":"Hankige transiiditeenuse hinnapakkumine kiiresti ja h\u00f5lpsalt. Palun saatke meile oma p\u00e4ring tasuta. V\u00f5tame \u00fchendust!","breadcrumb":{"@id":"https:\/\/www.narvaauto.ee\/et\/hinnaparing\/#breadcrumb"},"inLanguage":"et","potentialAction":[{"@type":"ReadAction","target":["https:\/\/www.narvaauto.ee\/et\/hinnaparing\/"]}]},{"@type":"BreadcrumbList","@id":"https:\/\/www.narvaauto.ee\/et\/hinnaparing\/#breadcrumb","itemListElement":[{"@type":"ListItem","position":1,"name":"Koduleht","item":"https:\/\/www.narvaauto.ee\/et\/"},{"@type":"ListItem","position":2,"name":"Hinnap\u00e4ring"}]},{"@type":"WebSite","@id":"https:\/\/www.narvaauto.ee\/et\/#website","url":"https:\/\/www.narvaauto.ee\/et\/","name":"Narva Auto AS","description":"","publisher":{"@id":"https:\/\/www.narvaauto.ee\/et\/#organization"},"potentialAction":[{"@type":"SearchAction","target":{"@type":"EntryPoint","urlTemplate":"https:\/\/www.narvaauto.ee\/et\/?s={search_term_string}"},"query-input":{"@type":"PropertyValueSpecification","valueRequired":true,"valueName":"search_term_string"}}],"inLanguage":"et"},{"@type":"Organization","@id":"https:\/\/www.narvaauto.ee\/et\/#organization","name":"Narva Auto AS","url":"https:\/\/www.narvaauto.ee\/et\/","logo":{"@type":"ImageObject","inLanguage":"et","@id":"https:\/\/www.narvaauto.ee\/et\/#\/schema\/logo\/image\/","url":"https:\/\/www.narvaauto.ee\/wp-content\/uploads\/2019\/08\/narvaauto.jpg","contentUrl":"https:\/\/www.narvaauto.ee\/wp-content\/uploads\/2019\/08\/narvaauto.jpg","width":1000,"height":1000,"caption":"Narva Auto AS"},"image":{"@id":"https:\/\/www.narvaauto.ee\/et\/#\/schema\/logo\/image\/"},"sameAs":["https:\/\/www.facebook.com\/narvaauto.ee","https:\/\/www.instagram.com\/narvaauto.ee\/"]}]}},"jetpack_sharing_enabled":true,"_links":{"self":[{"href":"https:\/\/www.narvaauto.ee\/et\/wp-json\/wp\/v2\/pages\/1215"}],"collection":[{"href":"https:\/\/www.narvaauto.ee\/et\/wp-json\/wp\/v2\/pages"}],"about":[{"href":"https:\/\/www.narvaauto.ee\/et\/wp-json\/wp\/v2\/types\/page"}],"author":[{"embeddable":true,"href":"https:\/\/www.narvaauto.ee\/et\/wp-json\/wp\/v2\/users\/1"}],"replies":[{"embeddable":true,"href":"https:\/\/www.narvaauto.ee\/et\/wp-json\/wp\/v2\/comments?post=1215"}],"version-history":[{"count":2,"href":"https:\/\/www.narvaauto.ee\/et\/wp-json\/wp\/v2\/pages\/1215\/revisions"}],"predecessor-version":[{"id":1324,"href":"https:\/\/www.narvaauto.ee\/et\/wp-json\/wp\/v2\/pages\/1215\/revisions\/1324"}],"wp:attachment":[{"href":"https:\/\/www.narvaauto.ee\/et\/wp-json\/wp\/v2\/media?parent=1215"}],"curies":[{"name":"wp","href":"https:\/\/api.w.org\/{rel}","templated":true}]}}