{"id":1164,"date":"2013-06-24T13:14:22","date_gmt":"2013-06-24T13:14:22","guid":{"rendered":"https:\/\/www.narvaauto.ee\/services\/"},"modified":"2024-12-20T16:50:37","modified_gmt":"2024-12-20T14:50:37","slug":"services","status":"publish","type":"page","link":"https:\/\/www.narvaauto.ee\/et\/services\/","title":{"rendered":"Teenused"},"content":{"rendered":"<div class=\"one_half\">\n<!-- BEGIN SERVICE BOX  --> <div class=\"rnr-service-box\"><!-- BEGIN SERVICE BOX ICON --><div class=\"rnr-service-box-icon\"><i class=\"fa fa-globe\"><\/i><\/div><!-- END SERVICE BOX ICON --><!-- BEGIN SERVICE BOX CONTENT --><div class=\"rnr-service-box-content\"><h2 class=\"rnr-service-box-title\">RAHVUSVAHELISED VEOD<\/h2><p>Rahvusvahelise maanteetranspordi korraldamine Euroopa Liidus, Venemaal ja naaberriikides on meie p\u00f5hitegevusala. Transporteerimist teostavad Mercedes Benz ja Scania veoautod tent poolhaagistega ning sobivad kaupade veoks, mis ei n\u00f5ua spetsiaalset temperatuurire\u017eiimi.<\/p><\/div><!-- END SERVICE BOX CONTENT --><\/div> <!-- END SERVICE BOX -->\n<\/div>\n<div class=\"one_half last\">\n<!-- BEGIN SERVICE BOX  --> <div class=\"rnr-service-box\"><!-- BEGIN SERVICE BOX ICON --><div class=\"rnr-service-box-icon\"><i class=\"fa fa-truck\"><\/i><\/div><!-- END SERVICE BOX ICON --><!-- BEGIN SERVICE BOX CONTENT --><div class=\"rnr-service-box-content\"><h2 class=\"rnr-service-box-title\">EKSPEDEERIMINE<\/h2><p>Osutame k\u00f5ike ekspedeerimisteenuseid: sobiva s\u00f5iduki leidmine, kaubaveo optimaalse marsruudi v\u00e4ljat\u00f6\u00f6tamine, transpordidokumentide vormistamine, tollitoimungite korraldamine. Meie partnerid on usaldusv\u00e4\u00e4rsed transpordifirmad Eestis, Euroopas ja Venemaal, nagu Asstra AG, LKW Walter, T.E.L.S., Schenker BtL, Tallship O\u00dc.<\/p><\/div><!-- END SERVICE BOX CONTENT --><\/div> <!-- END SERVICE BOX -->\n<\/div><div class=\"clear\"><\/div>\n<div class=\"one_half\">\n<!-- BEGIN SERVICE BOX  --> <div class=\"rnr-service-box\"><!-- BEGIN SERVICE BOX ICON --><div class=\"rnr-service-box-icon\"><i class=\"fa fa-car\"><\/i><\/div><!-- END SERVICE BOX ICON --><!-- BEGIN SERVICE BOX CONTENT --><div class=\"rnr-service-box-content\"><h2 class=\"rnr-service-box-title\">AUTODE PARKIMINE<\/h2><p>Pakume parkimisteenuseid iga t\u00fc\u00fcpi autodele:<\/p>\n<ul>\n<li style=\"list-style-type: none;\">\n<ul>\n<li style=\"list-style-type: none;\">\n<ul>\n<li style=\"list-style-type: none;\">\n<ul>\n<li>autodele<\/li>\n<li>veoautodele<\/li>\n<li>bussidele<\/li>\n<\/ul>\n<\/li>\n<\/ul>\n<\/li>\n<\/ul>\n<\/li>\n<\/ul>\n<p>&nbsp;<\/p>\n<button class=\"pum-trigger  popmake-1568 \"  data-do-default=\"\">HINNAKIRI<\/button>\n<\/p><\/div><!-- END SERVICE BOX CONTENT --><\/div> <!-- END SERVICE BOX -->\n<\/div>\n<div class=\"one_half last\">\n<!-- BEGIN SERVICE BOX  --> <div class=\"rnr-service-box\"><!-- BEGIN SERVICE BOX ICON --><div class=\"rnr-service-box-icon\"><i class=\"fa fa-file\"><\/i><\/div><!-- END SERVICE BOX ICON --><!-- BEGIN SERVICE BOX CONTENT --><div class=\"rnr-service-box-content\"><h2 class=\"rnr-service-box-title\">TEHNILINE \u00dcLEVAATUS <\/h2><p>Teostame tehnilist kontrolli igat liiki autode, sealhulgas rahvusvahelist transporti sooritvate autode \u00fcle:<\/p>\n<ul>\n<li style=\"list-style-type: none;\">\n<ul>\n<li style=\"list-style-type: none;\">\n<ul>\n<li>\u00f5livahetus<\/li>\n<li>autode ja haagiste m\u00e4\u00e4rimine<\/li>\n<li>aku ja elektriseadmete hooldus<\/li>\n<li>filtrite, mootori jahutusvedeliku, piduriketaste asendamine<\/li>\n<\/ul>\n<\/li>\n<\/ul>\n<\/li>\n<\/ul>\n<p>&nbsp;<\/p>\n<p>Korduv s\u00f5iduauto (M1) tehno\u00fclevaatus on TASUTA!<\/p>\n<p>Sisses\u00f5it tehno\u00fclevaatuse punkti toimub Vahtra t\u00e4nava poolt.<\/p>\n<table class=\"tftable\" style=\"height: 47px;\" border=\"5\" width=\"314\">\n<tbody>\n<tr>\n<th><button class=\"pum-trigger  popmake-1249 \"  data-do-default=\"\">HINNAKIRI<\/button><\/th>\n<th style=\"text-align: center;\">\n<form action=\"et\/ulevaatus\/\"><button type=\"submit\">Broneeri aeg<\/button><\/form>\n<\/th>\n<\/tr>\n<\/tbody>\n<\/table>\n<p><\/p><\/div><!-- END SERVICE BOX CONTENT --><\/div> <!-- END SERVICE BOX --><\/div><div class=\"clear\"><\/div>\n<div class=\"one_half\">\n<!-- BEGIN SERVICE BOX  --> <div class=\"rnr-service-box\"><!-- BEGIN SERVICE BOX ICON --><div class=\"rnr-service-box-icon\"><i class=\"fa fa-cogs\"><\/i><\/div><!-- END SERVICE BOX ICON --><!-- BEGIN SERVICE BOX CONTENT --><div class=\"rnr-service-box-content\"><h2 class=\"rnr-service-box-title\">HOOLDUS, REMONT JA PESULA<\/h2><p>Pakume kiiret ja kvaliteetset teenust k\u00f5igile s\u00f5idukite t\u00fc\u00fcpidele:<br \/>\nremont:<\/p>\n<ul>\n<li style=\"list-style-type: none;\">\n<ul>\n<li style=\"list-style-type: none;\">\n<ul>\n<li style=\"list-style-type: none;\">\n<ul>\n<li>mootor, \u0161assii, vedrustus, \u00f5hus\u00fcsteemid, autode ja haagiste elektriseadmed, autode h\u00fcdros\u00fcsteemid, haagise sidurid, auto kere, haagised, kinnitused<\/li>\n<li>keevitamine (sealhulgas alumiiniumkeevitus kaitsegaasikeskkonnas)<\/li>\n<li>rehvide t\u00f6\u00f6 (rehvide remont, rehvide vahetud, rataste tasakaalustamine)<\/li>\n<li>s\u00f5idukite ja haagiste pesu<\/li>\n<\/ul>\n<\/li>\n<\/ul>\n<\/li>\n<\/ul>\n<\/li>\n<\/ul>\n<\/p><\/div><!-- END SERVICE BOX CONTENT --><\/div> <!-- END SERVICE BOX -->\n<\/div>\n<div class=\"one_half last\">\n<!-- BEGIN SERVICE BOX  --> <div class=\"rnr-service-box\"><!-- BEGIN SERVICE BOX ICON --><div class=\"rnr-service-box-icon\"><i class=\"fa fa-th-large\"><\/i><\/div><!-- END SERVICE BOX ICON --><!-- BEGIN SERVICE BOX CONTENT --><div class=\"rnr-service-box-content\"><h2 class=\"rnr-service-box-title\">TOLLITEENUSED<\/h2><p>Meie tolliagendid pakuvad k\u00f5iki tolliteenuseid ja aitavad tollimaksude seotud k\u00fcsimustega. Kombineerides meie logistikateenuseid koos tollivormistamisega, teie s\u00e4\u00e4state oma aega ja raha. Narva Auto AS tolliagentuuri teenused on:<\/p>\n<ul>\n<li style=\"list-style-type: none;\">\n<ul>\n<li style=\"list-style-type: none;\">\n<ul>\n<li>kaupade deklareerimine ettev\u00f5tete ja eraikisikute jaoks<\/li>\n<li>transiitdeklaratsioon (T1)<\/li>\n<li>transpordi saatedokumendid (CMR, TIR carnet)<\/li>\n<li>kliendi esindamine tollis (maakleri teenused)<\/li>\n<\/ul>\n<\/li>\n<\/ul>\n<\/li>\n<\/ul>\n<\/p><\/div><!-- END SERVICE BOX CONTENT --><\/div> <!-- END SERVICE BOX -->\n<\/div><div class=\"clear\"><\/div>\n<div class=\"one_half\">\n<!-- BEGIN SERVICE BOX  --> <div class=\"rnr-service-box\"><!-- BEGIN SERVICE BOX ICON --><div class=\"rnr-service-box-icon\"><i class=\"fa fa-wrench\"><\/i><\/div><!-- END SERVICE BOX ICON --><!-- BEGIN SERVICE BOX CONTENT --><div class=\"rnr-service-box-content\"><h2 class=\"rnr-service-box-title\">S\u00d5IDUMEERIKUTE KONTROLLIMINE<\/h2><p>Pakume professionaalset s\u00f5idumeeriku kalibreerimist (Stoneridge SE5000-8.1, Smart 2).<\/p><\/div><!-- END SERVICE BOX CONTENT --><\/div> <!-- END SERVICE BOX -->\n<\/div>\n<div class=\"one_half last\">\n<!-- BEGIN SERVICE BOX  --> <div class=\"rnr-service-box\"><!-- BEGIN SERVICE BOX ICON --><div class=\"rnr-service-box-icon\"><i class=\"fa fa-location-arrow\"><\/i><\/div><!-- END SERVICE BOX ICON --><!-- BEGIN SERVICE BOX CONTENT --><div class=\"rnr-service-box-content\"><h2 class=\"rnr-service-box-title\">RUUMIDE JA LAOPINDADE RENT<\/h2><p>Anname \u00fc\u00fcrile \u00e4ri- ja laopinnad.<\/p><\/div><!-- END SERVICE BOX CONTENT --><\/div> <!-- END SERVICE BOX -->\n<\/div><div class=\"clear\"><\/div>\n","protected":false},"excerpt":{"rendered":"","protected":false},"author":1,"featured_media":0,"parent":0,"menu_order":2,"comment_status":"closed","ping_status":"closed","template":"","meta":{"footnotes":""},"class_list":["post-1164","page","type-page","status-publish","hentry"],"yoast_head":"<!-- This site is optimized with the Yoast SEO plugin v25.6 - https:\/\/yoast.com\/wordpress\/plugins\/seo\/ -->\n<title>Teenused | Narva Auto AS<\/title>\n<meta name=\"description\" content=\"Narva Auto AS pakub teenuseid nagu rahvusvahelised veod, tollimaakleriteenused, hooldus, remont ja autopesu, ekspedeerimine, s\u00f5idukite tehniline \u00fclevaatus, kontori- ja laopindade rent.\" \/>\n<meta name=\"robots\" content=\"index, follow, max-snippet:-1, max-image-preview:large, max-video-preview:-1\" \/>\n<link rel=\"canonical\" href=\"https:\/\/www.narvaauto.ee\/et\/services\/\" \/>\n<meta property=\"og:locale\" content=\"et_EE\" \/>\n<meta property=\"og:type\" content=\"article\" \/>\n<meta property=\"og:title\" content=\"Teenused | Narva Auto AS\" \/>\n<meta property=\"og:description\" content=\"Narva Auto AS pakub teenuseid nagu rahvusvahelised veod, tollimaakleriteenused, hooldus, remont ja autopesu, ekspedeerimine, s\u00f5idukite tehniline \u00fclevaatus, kontori- ja laopindade rent.\" \/>\n<meta property=\"og:url\" content=\"https:\/\/www.narvaauto.ee\/et\/services\/\" \/>\n<meta property=\"og:site_name\" content=\"Narva Auto AS\" \/>\n<meta property=\"article:publisher\" content=\"https:\/\/www.facebook.com\/narvaauto.ee\" \/>\n<meta property=\"article:modified_time\" content=\"2024-12-20T14:50:37+00:00\" \/>\n<meta property=\"og:image\" content=\"https:\/\/www.narvaauto.ee\/wp-content\/uploads\/2020\/04\/70665_0d43262fa1283f6901d903dae888df33a3c9d42b.jpg\" \/>\n\t<meta property=\"og:image:width\" content=\"800\" \/>\n\t<meta property=\"og:image:height\" content=\"540\" \/>\n\t<meta property=\"og:image:type\" content=\"image\/jpeg\" \/>\n<meta name=\"twitter:card\" content=\"summary_large_image\" \/>\n<meta name=\"twitter:label1\" content=\"Est. reading time\" \/>\n\t<meta name=\"twitter:data1\" content=\"2 minutit\" \/>\n<script type=\"application\/ld+json\" class=\"yoast-schema-graph\">{\"@context\":\"https:\/\/schema.org\",\"@graph\":[{\"@type\":\"WebPage\",\"@id\":\"https:\/\/www.narvaauto.ee\/et\/services\/\",\"url\":\"https:\/\/www.narvaauto.ee\/et\/services\/\",\"name\":\"Teenused | Narva Auto AS\",\"isPartOf\":{\"@id\":\"https:\/\/www.narvaauto.ee\/et\/#website\"},\"datePublished\":\"2013-06-24T13:14:22+00:00\",\"dateModified\":\"2024-12-20T14:50:37+00:00\",\"description\":\"Narva Auto AS pakub teenuseid nagu rahvusvahelised veod, tollimaakleriteenused, hooldus, remont ja autopesu, ekspedeerimine, s\u00f5idukite tehniline \u00fclevaatus, kontori- ja laopindade rent.\",\"breadcrumb\":{\"@id\":\"https:\/\/www.narvaauto.ee\/et\/services\/#breadcrumb\"},\"inLanguage\":\"et\",\"potentialAction\":[{\"@type\":\"ReadAction\",\"target\":[\"https:\/\/www.narvaauto.ee\/et\/services\/\"]}]},{\"@type\":\"BreadcrumbList\",\"@id\":\"https:\/\/www.narvaauto.ee\/et\/services\/#breadcrumb\",\"itemListElement\":[{\"@type\":\"ListItem\",\"position\":1,\"name\":\"Koduleht\",\"item\":\"https:\/\/www.narvaauto.ee\/et\/\"},{\"@type\":\"ListItem\",\"position\":2,\"name\":\"Teenused\"}]},{\"@type\":\"WebSite\",\"@id\":\"https:\/\/www.narvaauto.ee\/et\/#website\",\"url\":\"https:\/\/www.narvaauto.ee\/et\/\",\"name\":\"Narva Auto AS\",\"description\":\"\",\"publisher\":{\"@id\":\"https:\/\/www.narvaauto.ee\/et\/#organization\"},\"potentialAction\":[{\"@type\":\"SearchAction\",\"target\":{\"@type\":\"EntryPoint\",\"urlTemplate\":\"https:\/\/www.narvaauto.ee\/et\/?s={search_term_string}\"},\"query-input\":{\"@type\":\"PropertyValueSpecification\",\"valueRequired\":true,\"valueName\":\"search_term_string\"}}],\"inLanguage\":\"et\"},{\"@type\":\"Organization\",\"@id\":\"https:\/\/www.narvaauto.ee\/et\/#organization\",\"name\":\"Narva Auto AS\",\"url\":\"https:\/\/www.narvaauto.ee\/et\/\",\"logo\":{\"@type\":\"ImageObject\",\"inLanguage\":\"et\",\"@id\":\"https:\/\/www.narvaauto.ee\/et\/#\/schema\/logo\/image\/\",\"url\":\"https:\/\/www.narvaauto.ee\/wp-content\/uploads\/2019\/08\/narvaauto.jpg\",\"contentUrl\":\"https:\/\/www.narvaauto.ee\/wp-content\/uploads\/2019\/08\/narvaauto.jpg\",\"width\":1000,\"height\":1000,\"caption\":\"Narva Auto AS\"},\"image\":{\"@id\":\"https:\/\/www.narvaauto.ee\/et\/#\/schema\/logo\/image\/\"},\"sameAs\":[\"https:\/\/www.facebook.com\/narvaauto.ee\",\"https:\/\/www.instagram.com\/narvaauto.ee\/\"]}]}<\/script>\n<!-- \/ Yoast SEO plugin. -->","yoast_head_json":{"title":"Teenused | Narva Auto AS","description":"Narva Auto AS pakub teenuseid nagu rahvusvahelised veod, tollimaakleriteenused, hooldus, remont ja autopesu, ekspedeerimine, s\u00f5idukite tehniline \u00fclevaatus, kontori- ja laopindade rent.","robots":{"index":"index","follow":"follow","max-snippet":"max-snippet:-1","max-image-preview":"max-image-preview:large","max-video-preview":"max-video-preview:-1"},"canonical":"https:\/\/www.narvaauto.ee\/et\/services\/","og_locale":"et_EE","og_type":"article","og_title":"Teenused | Narva Auto AS","og_description":"Narva Auto AS pakub teenuseid nagu rahvusvahelised veod, tollimaakleriteenused, hooldus, remont ja autopesu, ekspedeerimine, s\u00f5idukite tehniline \u00fclevaatus, kontori- ja laopindade rent.","og_url":"https:\/\/www.narvaauto.ee\/et\/services\/","og_site_name":"Narva Auto AS","article_publisher":"https:\/\/www.facebook.com\/narvaauto.ee","article_modified_time":"2024-12-20T14:50:37+00:00","og_image":[{"width":800,"height":540,"url":"https:\/\/www.narvaauto.ee\/wp-content\/uploads\/2020\/04\/70665_0d43262fa1283f6901d903dae888df33a3c9d42b.jpg","type":"image\/jpeg"}],"twitter_card":"summary_large_image","twitter_misc":{"Est. reading time":"2 minutit"},"schema":{"@context":"https:\/\/schema.org","@graph":[{"@type":"WebPage","@id":"https:\/\/www.narvaauto.ee\/et\/services\/","url":"https:\/\/www.narvaauto.ee\/et\/services\/","name":"Teenused | Narva Auto AS","isPartOf":{"@id":"https:\/\/www.narvaauto.ee\/et\/#website"},"datePublished":"2013-06-24T13:14:22+00:00","dateModified":"2024-12-20T14:50:37+00:00","description":"Narva Auto AS pakub teenuseid nagu rahvusvahelised veod, tollimaakleriteenused, hooldus, remont ja autopesu, ekspedeerimine, s\u00f5idukite tehniline \u00fclevaatus, kontori- ja laopindade rent.","breadcrumb":{"@id":"https:\/\/www.narvaauto.ee\/et\/services\/#breadcrumb"},"inLanguage":"et","potentialAction":[{"@type":"ReadAction","target":["https:\/\/www.narvaauto.ee\/et\/services\/"]}]},{"@type":"BreadcrumbList","@id":"https:\/\/www.narvaauto.ee\/et\/services\/#breadcrumb","itemListElement":[{"@type":"ListItem","position":1,"name":"Koduleht","item":"https:\/\/www.narvaauto.ee\/et\/"},{"@type":"ListItem","position":2,"name":"Teenused"}]},{"@type":"WebSite","@id":"https:\/\/www.narvaauto.ee\/et\/#website","url":"https:\/\/www.narvaauto.ee\/et\/","name":"Narva Auto AS","description":"","publisher":{"@id":"https:\/\/www.narvaauto.ee\/et\/#organization"},"potentialAction":[{"@type":"SearchAction","target":{"@type":"EntryPoint","urlTemplate":"https:\/\/www.narvaauto.ee\/et\/?s={search_term_string}"},"query-input":{"@type":"PropertyValueSpecification","valueRequired":true,"valueName":"search_term_string"}}],"inLanguage":"et"},{"@type":"Organization","@id":"https:\/\/www.narvaauto.ee\/et\/#organization","name":"Narva Auto AS","url":"https:\/\/www.narvaauto.ee\/et\/","logo":{"@type":"ImageObject","inLanguage":"et","@id":"https:\/\/www.narvaauto.ee\/et\/#\/schema\/logo\/image\/","url":"https:\/\/www.narvaauto.ee\/wp-content\/uploads\/2019\/08\/narvaauto.jpg","contentUrl":"https:\/\/www.narvaauto.ee\/wp-content\/uploads\/2019\/08\/narvaauto.jpg","width":1000,"height":1000,"caption":"Narva Auto AS"},"image":{"@id":"https:\/\/www.narvaauto.ee\/et\/#\/schema\/logo\/image\/"},"sameAs":["https:\/\/www.facebook.com\/narvaauto.ee","https:\/\/www.instagram.com\/narvaauto.ee\/"]}]}},"jetpack_sharing_enabled":true,"_links":{"self":[{"href":"https:\/\/www.narvaauto.ee\/et\/wp-json\/wp\/v2\/pages\/1164"}],"collection":[{"href":"https:\/\/www.narvaauto.ee\/et\/wp-json\/wp\/v2\/pages"}],"about":[{"href":"https:\/\/www.narvaauto.ee\/et\/wp-json\/wp\/v2\/types\/page"}],"author":[{"embeddable":true,"href":"https:\/\/www.narvaauto.ee\/et\/wp-json\/wp\/v2\/users\/1"}],"replies":[{"embeddable":true,"href":"https:\/\/www.narvaauto.ee\/et\/wp-json\/wp\/v2\/comments?post=1164"}],"version-history":[{"count":24,"href":"https:\/\/www.narvaauto.ee\/et\/wp-json\/wp\/v2\/pages\/1164\/revisions"}],"predecessor-version":[{"id":3927,"href":"https:\/\/www.narvaauto.ee\/et\/wp-json\/wp\/v2\/pages\/1164\/revisions\/3927"}],"wp:attachment":[{"href":"https:\/\/www.narvaauto.ee\/et\/wp-json\/wp\/v2\/media?parent=1164"}],"curies":[{"name":"wp","href":"https:\/\/api.w.org\/{rel}","templated":true}]}}