{"id":1154,"date":"2013-06-24T11:37:53","date_gmt":"2013-06-24T11:37:53","guid":{"rendered":"https:\/\/www.narvaauto.ee\/?page_id=1154"},"modified":"2020-04-22T13:00:00","modified_gmt":"2020-04-22T10:00:00","slug":"koduleht","status":"publish","type":"page","link":"https:\/\/www.narvaauto.ee\/et\/koduleht\/","title":{"rendered":"Koduleht"},"content":{"rendered":"","protected":false},"excerpt":{"rendered":"","protected":false},"author":1,"featured_media":1077,"parent":0,"menu_order":1,"comment_status":"closed","ping_status":"closed","template":"","meta":{"footnotes":""},"class_list":["post-1154","page","type-page","status-publish","has-post-thumbnail","hentry"],"yoast_head":"<!-- This site is optimized with the Yoast SEO plugin v25.6 - https:\/\/yoast.com\/wordpress\/plugins\/seo\/ -->\n<title>Koduleht | Narva Auto AS<\/title>\n<meta name=\"description\" content=\"Narva Auto AS on linna vanima transpordiettev\u00f5tte Narva Autobaasi j\u00e4rgija, mis oli asutatud aastal 1946 s\u00f5jas purustatud Narvas. Aastal 1992 oli loodud aktsiaselts Narva Auto, millest sai kaasaegne rahvusvahelise kaubaveo ettev\u00f5tte kvaliteetse ja mugavate t\u00f6\u00f6tingimustega.\" \/>\n<meta name=\"robots\" content=\"index, follow, max-snippet:-1, max-image-preview:large, max-video-preview:-1\" \/>\n<link rel=\"canonical\" href=\"https:\/\/www.narvaauto.ee\/et\/koduleht\/\" \/>\n<meta property=\"og:locale\" content=\"et_EE\" \/>\n<meta property=\"og:type\" content=\"article\" \/>\n<meta property=\"og:title\" content=\"Koduleht | Narva Auto AS\" \/>\n<meta property=\"og:description\" content=\"Narva Auto AS on linna vanima transpordiettev\u00f5tte Narva Autobaasi j\u00e4rgija, mis oli asutatud aastal 1946 s\u00f5jas purustatud Narvas. Aastal 1992 oli loodud aktsiaselts Narva Auto, millest sai kaasaegne rahvusvahelise kaubaveo ettev\u00f5tte kvaliteetse ja mugavate t\u00f6\u00f6tingimustega.\" \/>\n<meta property=\"og:url\" content=\"https:\/\/www.narvaauto.ee\/et\/koduleht\/\" \/>\n<meta property=\"og:site_name\" content=\"Narva Auto AS\" \/>\n<meta property=\"article:publisher\" content=\"https:\/\/www.facebook.com\/narvaauto.ee\" \/>\n<meta property=\"article:modified_time\" content=\"2020-04-22T10:00:00+00:00\" \/>\n<meta property=\"og:image\" content=\"https:\/\/www.narvaauto.ee\/wp-content\/uploads\/2019\/08\/narvaauto.jpg\" \/>\n\t<meta property=\"og:image:width\" content=\"1000\" \/>\n\t<meta property=\"og:image:height\" content=\"1000\" \/>\n\t<meta property=\"og:image:type\" content=\"image\/jpeg\" \/>\n<meta name=\"twitter:card\" content=\"summary_large_image\" \/>\n<script type=\"application\/ld+json\" class=\"yoast-schema-graph\">{\"@context\":\"https:\/\/schema.org\",\"@graph\":[{\"@type\":\"WebPage\",\"@id\":\"https:\/\/www.narvaauto.ee\/et\/koduleht\/\",\"url\":\"https:\/\/www.narvaauto.ee\/et\/koduleht\/\",\"name\":\"Koduleht | Narva Auto AS\",\"isPartOf\":{\"@id\":\"https:\/\/www.narvaauto.ee\/et\/#website\"},\"primaryImageOfPage\":{\"@id\":\"https:\/\/www.narvaauto.ee\/et\/koduleht\/#primaryimage\"},\"image\":{\"@id\":\"https:\/\/www.narvaauto.ee\/et\/koduleht\/#primaryimage\"},\"thumbnailUrl\":\"https:\/\/www.narvaauto.ee\/wp-content\/uploads\/2019\/08\/narvaauto.jpg\",\"datePublished\":\"2013-06-24T11:37:53+00:00\",\"dateModified\":\"2020-04-22T10:00:00+00:00\",\"description\":\"Narva Auto AS on linna vanima transpordiettev\u00f5tte Narva Autobaasi j\u00e4rgija, mis oli asutatud aastal 1946 s\u00f5jas purustatud Narvas. Aastal 1992 oli loodud aktsiaselts Narva Auto, millest sai kaasaegne rahvusvahelise kaubaveo ettev\u00f5tte kvaliteetse ja mugavate t\u00f6\u00f6tingimustega.\",\"breadcrumb\":{\"@id\":\"https:\/\/www.narvaauto.ee\/et\/koduleht\/#breadcrumb\"},\"inLanguage\":\"et\",\"potentialAction\":[{\"@type\":\"ReadAction\",\"target\":[\"https:\/\/www.narvaauto.ee\/et\/koduleht\/\"]}]},{\"@type\":\"ImageObject\",\"inLanguage\":\"et\",\"@id\":\"https:\/\/www.narvaauto.ee\/et\/koduleht\/#primaryimage\",\"url\":\"https:\/\/www.narvaauto.ee\/wp-content\/uploads\/2019\/08\/narvaauto.jpg\",\"contentUrl\":\"https:\/\/www.narvaauto.ee\/wp-content\/uploads\/2019\/08\/narvaauto.jpg\",\"width\":1000,\"height\":1000},{\"@type\":\"BreadcrumbList\",\"@id\":\"https:\/\/www.narvaauto.ee\/et\/koduleht\/#breadcrumb\",\"itemListElement\":[{\"@type\":\"ListItem\",\"position\":1,\"name\":\"Koduleht\",\"item\":\"https:\/\/www.narvaauto.ee\/et\/\"},{\"@type\":\"ListItem\",\"position\":2,\"name\":\"Koduleht\"}]},{\"@type\":\"WebSite\",\"@id\":\"https:\/\/www.narvaauto.ee\/et\/#website\",\"url\":\"https:\/\/www.narvaauto.ee\/et\/\",\"name\":\"Narva Auto AS\",\"description\":\"\",\"publisher\":{\"@id\":\"https:\/\/www.narvaauto.ee\/et\/#organization\"},\"potentialAction\":[{\"@type\":\"SearchAction\",\"target\":{\"@type\":\"EntryPoint\",\"urlTemplate\":\"https:\/\/www.narvaauto.ee\/et\/?s={search_term_string}\"},\"query-input\":{\"@type\":\"PropertyValueSpecification\",\"valueRequired\":true,\"valueName\":\"search_term_string\"}}],\"inLanguage\":\"et\"},{\"@type\":\"Organization\",\"@id\":\"https:\/\/www.narvaauto.ee\/et\/#organization\",\"name\":\"Narva Auto AS\",\"url\":\"https:\/\/www.narvaauto.ee\/et\/\",\"logo\":{\"@type\":\"ImageObject\",\"inLanguage\":\"et\",\"@id\":\"https:\/\/www.narvaauto.ee\/et\/#\/schema\/logo\/image\/\",\"url\":\"https:\/\/www.narvaauto.ee\/wp-content\/uploads\/2019\/08\/narvaauto.jpg\",\"contentUrl\":\"https:\/\/www.narvaauto.ee\/wp-content\/uploads\/2019\/08\/narvaauto.jpg\",\"width\":1000,\"height\":1000,\"caption\":\"Narva Auto AS\"},\"image\":{\"@id\":\"https:\/\/www.narvaauto.ee\/et\/#\/schema\/logo\/image\/\"},\"sameAs\":[\"https:\/\/www.facebook.com\/narvaauto.ee\",\"https:\/\/www.instagram.com\/narvaauto.ee\/\"]}]}<\/script>\n<!-- \/ Yoast SEO plugin. -->","yoast_head_json":{"title":"Koduleht | Narva Auto AS","description":"Narva Auto AS on linna vanima transpordiettev\u00f5tte Narva Autobaasi j\u00e4rgija, mis oli asutatud aastal 1946 s\u00f5jas purustatud Narvas. Aastal 1992 oli loodud aktsiaselts Narva Auto, millest sai kaasaegne rahvusvahelise kaubaveo ettev\u00f5tte kvaliteetse ja mugavate t\u00f6\u00f6tingimustega.","robots":{"index":"index","follow":"follow","max-snippet":"max-snippet:-1","max-image-preview":"max-image-preview:large","max-video-preview":"max-video-preview:-1"},"canonical":"https:\/\/www.narvaauto.ee\/et\/koduleht\/","og_locale":"et_EE","og_type":"article","og_title":"Koduleht | Narva Auto AS","og_description":"Narva Auto AS on linna vanima transpordiettev\u00f5tte Narva Autobaasi j\u00e4rgija, mis oli asutatud aastal 1946 s\u00f5jas purustatud Narvas. Aastal 1992 oli loodud aktsiaselts Narva Auto, millest sai kaasaegne rahvusvahelise kaubaveo ettev\u00f5tte kvaliteetse ja mugavate t\u00f6\u00f6tingimustega.","og_url":"https:\/\/www.narvaauto.ee\/et\/koduleht\/","og_site_name":"Narva Auto AS","article_publisher":"https:\/\/www.facebook.com\/narvaauto.ee","article_modified_time":"2020-04-22T10:00:00+00:00","og_image":[{"width":1000,"height":1000,"url":"https:\/\/www.narvaauto.ee\/wp-content\/uploads\/2019\/08\/narvaauto.jpg","type":"image\/jpeg"}],"twitter_card":"summary_large_image","schema":{"@context":"https:\/\/schema.org","@graph":[{"@type":"WebPage","@id":"https:\/\/www.narvaauto.ee\/et\/koduleht\/","url":"https:\/\/www.narvaauto.ee\/et\/koduleht\/","name":"Koduleht | Narva Auto AS","isPartOf":{"@id":"https:\/\/www.narvaauto.ee\/et\/#website"},"primaryImageOfPage":{"@id":"https:\/\/www.narvaauto.ee\/et\/koduleht\/#primaryimage"},"image":{"@id":"https:\/\/www.narvaauto.ee\/et\/koduleht\/#primaryimage"},"thumbnailUrl":"https:\/\/www.narvaauto.ee\/wp-content\/uploads\/2019\/08\/narvaauto.jpg","datePublished":"2013-06-24T11:37:53+00:00","dateModified":"2020-04-22T10:00:00+00:00","description":"Narva Auto AS on linna vanima transpordiettev\u00f5tte Narva Autobaasi j\u00e4rgija, mis oli asutatud aastal 1946 s\u00f5jas purustatud Narvas. Aastal 1992 oli loodud aktsiaselts Narva Auto, millest sai kaasaegne rahvusvahelise kaubaveo ettev\u00f5tte kvaliteetse ja mugavate t\u00f6\u00f6tingimustega.","breadcrumb":{"@id":"https:\/\/www.narvaauto.ee\/et\/koduleht\/#breadcrumb"},"inLanguage":"et","potentialAction":[{"@type":"ReadAction","target":["https:\/\/www.narvaauto.ee\/et\/koduleht\/"]}]},{"@type":"ImageObject","inLanguage":"et","@id":"https:\/\/www.narvaauto.ee\/et\/koduleht\/#primaryimage","url":"https:\/\/www.narvaauto.ee\/wp-content\/uploads\/2019\/08\/narvaauto.jpg","contentUrl":"https:\/\/www.narvaauto.ee\/wp-content\/uploads\/2019\/08\/narvaauto.jpg","width":1000,"height":1000},{"@type":"BreadcrumbList","@id":"https:\/\/www.narvaauto.ee\/et\/koduleht\/#breadcrumb","itemListElement":[{"@type":"ListItem","position":1,"name":"Koduleht","item":"https:\/\/www.narvaauto.ee\/et\/"},{"@type":"ListItem","position":2,"name":"Koduleht"}]},{"@type":"WebSite","@id":"https:\/\/www.narvaauto.ee\/et\/#website","url":"https:\/\/www.narvaauto.ee\/et\/","name":"Narva Auto AS","description":"","publisher":{"@id":"https:\/\/www.narvaauto.ee\/et\/#organization"},"potentialAction":[{"@type":"SearchAction","target":{"@type":"EntryPoint","urlTemplate":"https:\/\/www.narvaauto.ee\/et\/?s={search_term_string}"},"query-input":{"@type":"PropertyValueSpecification","valueRequired":true,"valueName":"search_term_string"}}],"inLanguage":"et"},{"@type":"Organization","@id":"https:\/\/www.narvaauto.ee\/et\/#organization","name":"Narva Auto AS","url":"https:\/\/www.narvaauto.ee\/et\/","logo":{"@type":"ImageObject","inLanguage":"et","@id":"https:\/\/www.narvaauto.ee\/et\/#\/schema\/logo\/image\/","url":"https:\/\/www.narvaauto.ee\/wp-content\/uploads\/2019\/08\/narvaauto.jpg","contentUrl":"https:\/\/www.narvaauto.ee\/wp-content\/uploads\/2019\/08\/narvaauto.jpg","width":1000,"height":1000,"caption":"Narva Auto AS"},"image":{"@id":"https:\/\/www.narvaauto.ee\/et\/#\/schema\/logo\/image\/"},"sameAs":["https:\/\/www.facebook.com\/narvaauto.ee","https:\/\/www.instagram.com\/narvaauto.ee\/"]}]}},"jetpack_sharing_enabled":true,"_links":{"self":[{"href":"https:\/\/www.narvaauto.ee\/et\/wp-json\/wp\/v2\/pages\/1154"}],"collection":[{"href":"https:\/\/www.narvaauto.ee\/et\/wp-json\/wp\/v2\/pages"}],"about":[{"href":"https:\/\/www.narvaauto.ee\/et\/wp-json\/wp\/v2\/types\/page"}],"author":[{"embeddable":true,"href":"https:\/\/www.narvaauto.ee\/et\/wp-json\/wp\/v2\/users\/1"}],"replies":[{"embeddable":true,"href":"https:\/\/www.narvaauto.ee\/et\/wp-json\/wp\/v2\/comments?post=1154"}],"version-history":[{"count":5,"href":"https:\/\/www.narvaauto.ee\/et\/wp-json\/wp\/v2\/pages\/1154\/revisions"}],"predecessor-version":[{"id":1160,"href":"https:\/\/www.narvaauto.ee\/et\/wp-json\/wp\/v2\/pages\/1154\/revisions\/1160"}],"wp:featuredmedia":[{"embeddable":true,"href":"https:\/\/www.narvaauto.ee\/et\/wp-json\/wp\/v2\/media\/1077"}],"wp:attachment":[{"href":"https:\/\/www.narvaauto.ee\/et\/wp-json\/wp\/v2\/media?parent=1154"}],"curies":[{"name":"wp","href":"https:\/\/api.w.org\/{rel}","templated":true}]}}