{"id":1738,"date":"2020-06-02T14:28:49","date_gmt":"2020-06-02T11:28:49","guid":{"rendered":"https:\/\/www.narvaauto.ee\/?page_id=1738"},"modified":"2024-12-20T16:49:58","modified_gmt":"2024-12-20T14:49:58","slug":"unsere-leistungen","status":"publish","type":"page","link":"https:\/\/www.narvaauto.ee\/de\/unsere-leistungen\/","title":{"rendered":"Unsere Leistungen"},"content":{"rendered":"<div class=\"one_half\">\n<!-- BEGIN SERVICE BOX  --> <div class=\"rnr-service-box\"><!-- BEGIN SERVICE BOX ICON --><div class=\"rnr-service-box-icon\"><i class=\"fa fa-globe\"><\/i><\/div><!-- END SERVICE BOX ICON --><!-- BEGIN SERVICE BOX CONTENT --><div class=\"rnr-service-box-content\"><h2 class=\"rnr-service-box-title\">INTERNATIONALER FRACHTVERKEHR<\/h2><p><span lang=\"ET\">Die Organisation des internationalen LKW-Transports ist eine Spezialisierung unseres Unternehmens. Hier k\u00f6nnen Sie den internationalen Warentransport in die EU, nach Russland und in die Nachbarl\u00e4nder bestellen.\u00a0<\/span><\/p><\/div><!-- END SERVICE BOX CONTENT --><\/div> <!-- END SERVICE BOX -->\n<\/div>\n<div class=\"one_half last\">\n<!-- BEGIN SERVICE BOX  --> <div class=\"rnr-service-box\"><!-- BEGIN SERVICE BOX ICON --><div class=\"rnr-service-box-icon\"><i class=\"fa fa-truck\"><\/i><\/div><!-- END SERVICE BOX ICON --><!-- BEGIN SERVICE BOX CONTENT --><div class=\"rnr-service-box-content\"><h2 class=\"rnr-service-box-title\">VERFRACHTUNG<\/h2><p>Auswahl des am besten geeigneten Fahrzeugs f\u00fcr den G\u00fcterverkehr, Entwicklung einer optimalen G\u00fcterverkehrsroute, korrekte Ausf\u00fchrung der f\u00fcr die Waren erforderlichen Dokumente. Unsere Partner sind Dutzende zuverl\u00e4ssiger Automobilunternehmen in Estland, Europa und Russland, wie die Asstra AG, LKW Walter, T.E.L.S., Schenker BtL, Tallship O\u00dc.<\/p><\/div><!-- END SERVICE BOX CONTENT --><\/div> <!-- END SERVICE BOX -->\n<\/div><div class=\"clear\"><\/div>\n<div class=\"one_half\">\n<!-- BEGIN SERVICE BOX  --> <div class=\"rnr-service-box\"><!-- BEGIN SERVICE BOX ICON --><div class=\"rnr-service-box-icon\"><i class=\"fa fa-car\"><\/i><\/div><!-- END SERVICE BOX ICON --><!-- BEGIN SERVICE BOX CONTENT --><div class=\"rnr-service-box-content\"><h2 class=\"rnr-service-box-title\">PARKPLATZ<\/h2><p>Unsere Parkpl\u00e4tze stehen f\u00fcr alle Fahrzeuge zur Verf\u00fcgung:<\/p>\n<ul>\n<li style=\"list-style-type: none;\">\n<ul>\n<li style=\"list-style-type: none;\">\n<ul>\n<li style=\"list-style-type: none;\">\n<ul>\n<li>PKW<\/li>\n<li>LKW<\/li>\n<li>Autobusse<\/li>\n<\/ul>\n<\/li>\n<\/ul>\n<\/li>\n<\/ul>\n<\/li>\n<\/ul>\n<p>&nbsp;<\/p>\n<button class=\"pum-trigger  popmake-1786 \"  data-do-default=\"\">PREISLISTE<\/button>\n<\/p><\/div><!-- END SERVICE BOX CONTENT --><\/div> <!-- END SERVICE BOX -->\n<\/div>\n<div class=\"one_half last\">\n<!-- BEGIN SERVICE BOX  --> <div class=\"rnr-service-box\"><!-- BEGIN SERVICE BOX ICON --><div class=\"rnr-service-box-icon\"><i class=\"fa fa-clipboard\"><\/i><\/div><!-- END SERVICE BOX ICON --><!-- BEGIN SERVICE BOX CONTENT --><div class=\"rnr-service-box-content\"><h2 class=\"rnr-service-box-title\">FAHRZEUGINSPEKTION<\/h2><p>Durchf\u00fchrung einer technischen Inspektion aller Fahrzeugtypen.<br \/>\nWiederholte Inspektion ist kostenlos.<br \/>\nDer Zugang zum Inspektionspunkt erfolgt \u00fcber die Vahtra-Stra\u00dfe.<\/p>\n<p>&nbsp;<\/p>\n<table class=\"tftable\" style=\"height: 47px;\" border=\"5\" width=\"314\">\n<tbody>\n<tr>\n<th><button class=\"pum-trigger  popmake-1776 \"  data-do-default=\"\">PREISLISTE<\/button><\/th>\n<th style=\"text-align: center;\">\n<form action=\"texosmotr\"><button type=\"submit\">Eine Inspektion machen<\/button><\/form>\n<\/th>\n<\/tr>\n<\/tbody>\n<\/table>\n<p><\/p><\/div><!-- END SERVICE BOX CONTENT --><\/div> <!-- END SERVICE BOX --><\/div><div class=\"clear\"><\/div>\n<div class=\"one_half\">\n<!-- BEGIN SERVICE BOX  --> <div class=\"rnr-service-box\"><!-- BEGIN SERVICE BOX ICON --><div class=\"rnr-service-box-icon\"><i class=\"fa fa-cogs\"><\/i><\/div><!-- END SERVICE BOX ICON --><!-- BEGIN SERVICE BOX CONTENT --><div class=\"rnr-service-box-content\"><h2 class=\"rnr-service-box-title\">WARTUNG, REPARATUR UND WASCHEN VON FAHRZEUGEN<\/h2><p>Wir bieten qualitativ hochwertigen Service f\u00fcr alle Fahrzeugtypen aller Marken in k\u00fcrzester Zeit:<\/p>\n<ul>\n<li style=\"list-style-type: none;\">\n<ul>\n<li style=\"list-style-type: none;\">\n<ul>\n<li style=\"list-style-type: none;\">\n<ul>\n<li>Motorreparatur; Fahrgestellreparatur, Fahrwerk-Reparatur; Reparatur der Federung; Reparatur der Ausr\u00fcstung, Anh\u00e4nger; Reparatur der hydraulischen Systemen von Autos;<\/li>\n<li>Schwei\u00dfen<\/li>\n<li>Reifenarbeiten, Auto- und Anh\u00e4ngerw\u00e4sche<\/li>\n<\/ul>\n<\/li>\n<\/ul>\n<\/li>\n<\/ul>\n<\/li>\n<\/ul>\n<\/p><\/div><!-- END SERVICE BOX CONTENT --><\/div> <!-- END SERVICE BOX -->\n<\/div>\n<div class=\"one_half last\">\n<!-- BEGIN SERVICE BOX  --> <div class=\"rnr-service-box\"><!-- BEGIN SERVICE BOX ICON --><div class=\"rnr-service-box-icon\"><i class=\"fa fa-th-large\"><\/i><\/div><!-- END SERVICE BOX ICON --><!-- BEGIN SERVICE BOX CONTENT --><div class=\"rnr-service-box-content\"><h2 class=\"rnr-service-box-title\">CUSTOMS BROKERAGE SERVICES<\/h2><p>Wir erledigen w\u00e4hrend des G\u00fcterverkehrs Papierkram und bieten folgende Zolldienste an:<\/p>\n<ul>\n<li style=\"list-style-type: none;\">\n<ul>\n<li style=\"list-style-type: none;\">\n<ul>\n<li>Warenerkl\u00e4rung f\u00fcr juristische Personen und Einzelpersonen<\/li>\n<li>Transiterkl\u00e4rung (T1)<\/li>\n<li>Transportbegleitdokumente (CMR, TIR Carnet)<\/li>\n<li>Vertretung des Kunden beim Zoll (Maklerdienste)<\/li>\n<\/ul>\n<\/li>\n<\/ul>\n<\/li>\n<\/ul>\n<\/p><\/div><!-- END SERVICE BOX CONTENT --><\/div> <!-- END SERVICE BOX -->\n<\/div><div class=\"clear\"><\/div>\n<div class=\"one_half\">\n<!-- BEGIN SERVICE BOX  --> <div class=\"rnr-service-box\"><!-- BEGIN SERVICE BOX ICON --><div class=\"rnr-service-box-icon\"><i class=\"fa fa-wrench\"><\/i><\/div><!-- END SERVICE BOX ICON --><!-- BEGIN SERVICE BOX CONTENT --><div class=\"rnr-service-box-content\"><h2 class=\"rnr-service-box-title\">TACHOGRAPHENPR\u00dcFUNG<\/h2><p><span lang=\"ET\">Wir bieten professionelle Fahrtenschreiber Kalibrierung (Stoneridge SE5000-8.1, Smart 2).<\/span><\/p><\/div><!-- END SERVICE BOX CONTENT --><\/div> <!-- END SERVICE BOX -->\n<\/div>\n<div class=\"one_half last\">\n<!-- BEGIN SERVICE BOX  --> <div class=\"rnr-service-box\"><!-- BEGIN SERVICE BOX ICON --><div class=\"rnr-service-box-icon\"><i class=\"fa fa-location-arrow\"><\/i><\/div><!-- END SERVICE BOX ICON --><!-- BEGIN SERVICE BOX CONTENT --><div class=\"rnr-service-box-content\"><h2 class=\"rnr-service-box-title\">B\u00fcro- und Lagervermietung<\/h2><p>Wir bieten R\u00e4umlichkeiten f\u00fcr B\u00fcromieten und Lagerr\u00e4ume.<\/p><\/div><!-- END SERVICE BOX CONTENT --><\/div> <!-- END SERVICE BOX -->\n<\/div><div class=\"clear\"><\/div>\n","protected":false},"excerpt":{"rendered":"","protected":false},"author":1,"featured_media":1716,"parent":0,"menu_order":2,"comment_status":"closed","ping_status":"closed","template":"","meta":{"footnotes":""},"class_list":["post-1738","page","type-page","status-publish","has-post-thumbnail","hentry"],"yoast_head":"<!-- This site is optimized with the Yoast SEO plugin v25.6 - https:\/\/yoast.com\/wordpress\/plugins\/seo\/ -->\n<title>Unsere Leistungen | Narva Auto AS<\/title>\n<meta name=\"description\" content=\"Narva Auto AS \u043f\u0440\u0435\u0434\u043b\u0430\u0433\u0430\u0435\u0442 \u0440\u0430\u0437\u043b\u0438\u0447\u043d\u044b\u0435 \u0443\u0441\u043b\u0443\u0433\u0438 \u0442\u0430\u043a\u0438\u0435 \u043a\u0430\u043a, \u043c\u0435\u0436\u0434\u0443\u043d\u0430\u0440\u043e\u0434\u043d\u044b\u0435 \u043f\u0435\u0440\u0435\u0432\u043e\u0437\u043a\u0438; \u0442\u0430\u043c\u043e\u0436\u0435\u043d\u043d\u044b\u0435 \u0431\u0440\u043e\u043a\u0435\u0440\u0441\u043a\u0438\u0435 \u0443\u0441\u043b\u0443\u0433\u0438; \u043e\u0431\u0441\u043b\u0443\u0436\u0438\u0432\u0430\u043d\u0438\u0435, \u0440\u0435\u043c\u043e\u043d\u0442 \u0438 \u043c\u043e\u0439\u043a\u0430 \u0430\u0432\u0442\u043e\u0442\u0440\u0430\u043d\u0441\u043f\u043e\u0440\u0442\u0430; \u044d\u043a\u0441\u043f\u0435\u0434\u0438\u0440\u043e\u0432\u0430\u043d\u0438\u0435 \u0433\u0440\u0443\u0437\u043e\u0432; \u0442\u0435\u0445\u043d\u0438\u0447\u0435\u0441\u043a\u0438\u0439 \u043e\u0441\u043c\u043e\u0442\u0440 \u0430\u0432\u0442\u043e\u043c\u043e\u0431\u043e\u043b\u0438\u0435\u0439; \u0430\u0440\u0435\u043d\u0434\u0430 \u043e\u0444\u0438\u0441\u043d\u044b\u0445 \u0438 \u0441\u043a\u043b\u0430\u0434\u0441\u043a\u0438\u0445 \u043f\u043e\u043c\u0435\u0449\u0435\u043d\u0438\u0439.\" \/>\n<meta name=\"robots\" content=\"index, follow, max-snippet:-1, max-image-preview:large, max-video-preview:-1\" \/>\n<link rel=\"canonical\" href=\"https:\/\/www.narvaauto.ee\/de\/unsere-leistungen\/\" \/>\n<meta property=\"og:locale\" content=\"de_DE\" \/>\n<meta property=\"og:type\" content=\"article\" \/>\n<meta property=\"og:title\" content=\"Unsere Leistungen | Narva Auto AS\" \/>\n<meta property=\"og:description\" content=\"Narva Auto AS \u043f\u0440\u0435\u0434\u043b\u0430\u0433\u0430\u0435\u0442 \u0440\u0430\u0437\u043b\u0438\u0447\u043d\u044b\u0435 \u0443\u0441\u043b\u0443\u0433\u0438 \u0442\u0430\u043a\u0438\u0435 \u043a\u0430\u043a, \u043c\u0435\u0436\u0434\u0443\u043d\u0430\u0440\u043e\u0434\u043d\u044b\u0435 \u043f\u0435\u0440\u0435\u0432\u043e\u0437\u043a\u0438; \u0442\u0430\u043c\u043e\u0436\u0435\u043d\u043d\u044b\u0435 \u0431\u0440\u043e\u043a\u0435\u0440\u0441\u043a\u0438\u0435 \u0443\u0441\u043b\u0443\u0433\u0438; \u043e\u0431\u0441\u043b\u0443\u0436\u0438\u0432\u0430\u043d\u0438\u0435, \u0440\u0435\u043c\u043e\u043d\u0442 \u0438 \u043c\u043e\u0439\u043a\u0430 \u0430\u0432\u0442\u043e\u0442\u0440\u0430\u043d\u0441\u043f\u043e\u0440\u0442\u0430; \u044d\u043a\u0441\u043f\u0435\u0434\u0438\u0440\u043e\u0432\u0430\u043d\u0438\u0435 \u0433\u0440\u0443\u0437\u043e\u0432; \u0442\u0435\u0445\u043d\u0438\u0447\u0435\u0441\u043a\u0438\u0439 \u043e\u0441\u043c\u043e\u0442\u0440 \u0430\u0432\u0442\u043e\u043c\u043e\u0431\u043e\u043b\u0438\u0435\u0439; \u0430\u0440\u0435\u043d\u0434\u0430 \u043e\u0444\u0438\u0441\u043d\u044b\u0445 \u0438 \u0441\u043a\u043b\u0430\u0434\u0441\u043a\u0438\u0445 \u043f\u043e\u043c\u0435\u0449\u0435\u043d\u0438\u0439.\" \/>\n<meta property=\"og:url\" content=\"https:\/\/www.narvaauto.ee\/de\/unsere-leistungen\/\" \/>\n<meta property=\"og:site_name\" content=\"Narva Auto AS\" \/>\n<meta property=\"article:publisher\" content=\"https:\/\/www.facebook.com\/narvaauto.ee\" \/>\n<meta property=\"article:modified_time\" content=\"2024-12-20T14:49:58+00:00\" \/>\n<meta property=\"og:image\" content=\"https:\/\/www.narvaauto.ee\/wp-content\/uploads\/2019\/08\/narvaauto.jpg\" \/>\n\t<meta property=\"og:image:width\" content=\"1000\" \/>\n\t<meta property=\"og:image:height\" content=\"1000\" \/>\n\t<meta property=\"og:image:type\" content=\"image\/jpeg\" \/>\n<meta name=\"twitter:card\" content=\"summary_large_image\" \/>\n<meta name=\"twitter:label1\" content=\"Gesch\u00e4tzte Lesezeit\" \/>\n\t<meta name=\"twitter:data1\" content=\"2 Minuten\" \/>\n<script type=\"application\/ld+json\" class=\"yoast-schema-graph\">{\"@context\":\"https:\/\/schema.org\",\"@graph\":[{\"@type\":\"WebPage\",\"@id\":\"https:\/\/www.narvaauto.ee\/de\/unsere-leistungen\/\",\"url\":\"https:\/\/www.narvaauto.ee\/de\/unsere-leistungen\/\",\"name\":\"Unsere Leistungen | Narva Auto AS\",\"isPartOf\":{\"@id\":\"https:\/\/www.narvaauto.ee\/de\/#website\"},\"primaryImageOfPage\":{\"@id\":\"https:\/\/www.narvaauto.ee\/de\/unsere-leistungen\/#primaryimage\"},\"image\":{\"@id\":\"https:\/\/www.narvaauto.ee\/de\/unsere-leistungen\/#primaryimage\"},\"thumbnailUrl\":\"https:\/\/www.narvaauto.ee\/wp-content\/uploads\/2019\/08\/narvaauto.jpg\",\"datePublished\":\"2020-06-02T11:28:49+00:00\",\"dateModified\":\"2024-12-20T14:49:58+00:00\",\"description\":\"Narva Auto AS \u043f\u0440\u0435\u0434\u043b\u0430\u0433\u0430\u0435\u0442 \u0440\u0430\u0437\u043b\u0438\u0447\u043d\u044b\u0435 \u0443\u0441\u043b\u0443\u0433\u0438 \u0442\u0430\u043a\u0438\u0435 \u043a\u0430\u043a, \u043c\u0435\u0436\u0434\u0443\u043d\u0430\u0440\u043e\u0434\u043d\u044b\u0435 \u043f\u0435\u0440\u0435\u0432\u043e\u0437\u043a\u0438; \u0442\u0430\u043c\u043e\u0436\u0435\u043d\u043d\u044b\u0435 \u0431\u0440\u043e\u043a\u0435\u0440\u0441\u043a\u0438\u0435 \u0443\u0441\u043b\u0443\u0433\u0438; \u043e\u0431\u0441\u043b\u0443\u0436\u0438\u0432\u0430\u043d\u0438\u0435, \u0440\u0435\u043c\u043e\u043d\u0442 \u0438 \u043c\u043e\u0439\u043a\u0430 \u0430\u0432\u0442\u043e\u0442\u0440\u0430\u043d\u0441\u043f\u043e\u0440\u0442\u0430; \u044d\u043a\u0441\u043f\u0435\u0434\u0438\u0440\u043e\u0432\u0430\u043d\u0438\u0435 \u0433\u0440\u0443\u0437\u043e\u0432; \u0442\u0435\u0445\u043d\u0438\u0447\u0435\u0441\u043a\u0438\u0439 \u043e\u0441\u043c\u043e\u0442\u0440 \u0430\u0432\u0442\u043e\u043c\u043e\u0431\u043e\u043b\u0438\u0435\u0439; \u0430\u0440\u0435\u043d\u0434\u0430 \u043e\u0444\u0438\u0441\u043d\u044b\u0445 \u0438 \u0441\u043a\u043b\u0430\u0434\u0441\u043a\u0438\u0445 \u043f\u043e\u043c\u0435\u0449\u0435\u043d\u0438\u0439.\",\"breadcrumb\":{\"@id\":\"https:\/\/www.narvaauto.ee\/de\/unsere-leistungen\/#breadcrumb\"},\"inLanguage\":\"de-DE\",\"potentialAction\":[{\"@type\":\"ReadAction\",\"target\":[\"https:\/\/www.narvaauto.ee\/de\/unsere-leistungen\/\"]}]},{\"@type\":\"ImageObject\",\"inLanguage\":\"de-DE\",\"@id\":\"https:\/\/www.narvaauto.ee\/de\/unsere-leistungen\/#primaryimage\",\"url\":\"https:\/\/www.narvaauto.ee\/wp-content\/uploads\/2019\/08\/narvaauto.jpg\",\"contentUrl\":\"https:\/\/www.narvaauto.ee\/wp-content\/uploads\/2019\/08\/narvaauto.jpg\",\"width\":1000,\"height\":1000},{\"@type\":\"BreadcrumbList\",\"@id\":\"https:\/\/www.narvaauto.ee\/de\/unsere-leistungen\/#breadcrumb\",\"itemListElement\":[{\"@type\":\"ListItem\",\"position\":1,\"name\":\"\u0413\u043b\u0430\u0432\u043d\u0430\u044f \u0441\u0442\u0440\u0430\u043d\u0438\u0446\u0430\",\"item\":\"https:\/\/www.narvaauto.ee\/de\/\"},{\"@type\":\"ListItem\",\"position\":2,\"name\":\"Unsere Leistungen\"}]},{\"@type\":\"WebSite\",\"@id\":\"https:\/\/www.narvaauto.ee\/de\/#website\",\"url\":\"https:\/\/www.narvaauto.ee\/de\/\",\"name\":\"Narva Auto AS\",\"description\":\"\",\"publisher\":{\"@id\":\"https:\/\/www.narvaauto.ee\/de\/#organization\"},\"potentialAction\":[{\"@type\":\"SearchAction\",\"target\":{\"@type\":\"EntryPoint\",\"urlTemplate\":\"https:\/\/www.narvaauto.ee\/de\/?s={search_term_string}\"},\"query-input\":{\"@type\":\"PropertyValueSpecification\",\"valueRequired\":true,\"valueName\":\"search_term_string\"}}],\"inLanguage\":\"de-DE\"},{\"@type\":\"Organization\",\"@id\":\"https:\/\/www.narvaauto.ee\/de\/#organization\",\"name\":\"Narva Auto AS\",\"url\":\"https:\/\/www.narvaauto.ee\/de\/\",\"logo\":{\"@type\":\"ImageObject\",\"inLanguage\":\"de-DE\",\"@id\":\"https:\/\/www.narvaauto.ee\/de\/#\/schema\/logo\/image\/\",\"url\":\"https:\/\/www.narvaauto.ee\/wp-content\/uploads\/2019\/08\/narvaauto.jpg\",\"contentUrl\":\"https:\/\/www.narvaauto.ee\/wp-content\/uploads\/2019\/08\/narvaauto.jpg\",\"width\":1000,\"height\":1000,\"caption\":\"Narva Auto AS\"},\"image\":{\"@id\":\"https:\/\/www.narvaauto.ee\/de\/#\/schema\/logo\/image\/\"},\"sameAs\":[\"https:\/\/www.facebook.com\/narvaauto.ee\",\"https:\/\/www.instagram.com\/narvaauto.ee\/\"]}]}<\/script>\n<!-- \/ Yoast SEO plugin. -->","yoast_head_json":{"title":"Unsere Leistungen | Narva Auto AS","description":"Narva Auto AS \u043f\u0440\u0435\u0434\u043b\u0430\u0433\u0430\u0435\u0442 \u0440\u0430\u0437\u043b\u0438\u0447\u043d\u044b\u0435 \u0443\u0441\u043b\u0443\u0433\u0438 \u0442\u0430\u043a\u0438\u0435 \u043a\u0430\u043a, \u043c\u0435\u0436\u0434\u0443\u043d\u0430\u0440\u043e\u0434\u043d\u044b\u0435 \u043f\u0435\u0440\u0435\u0432\u043e\u0437\u043a\u0438; \u0442\u0430\u043c\u043e\u0436\u0435\u043d\u043d\u044b\u0435 \u0431\u0440\u043e\u043a\u0435\u0440\u0441\u043a\u0438\u0435 \u0443\u0441\u043b\u0443\u0433\u0438; \u043e\u0431\u0441\u043b\u0443\u0436\u0438\u0432\u0430\u043d\u0438\u0435, \u0440\u0435\u043c\u043e\u043d\u0442 \u0438 \u043c\u043e\u0439\u043a\u0430 \u0430\u0432\u0442\u043e\u0442\u0440\u0430\u043d\u0441\u043f\u043e\u0440\u0442\u0430; \u044d\u043a\u0441\u043f\u0435\u0434\u0438\u0440\u043e\u0432\u0430\u043d\u0438\u0435 \u0433\u0440\u0443\u0437\u043e\u0432; \u0442\u0435\u0445\u043d\u0438\u0447\u0435\u0441\u043a\u0438\u0439 \u043e\u0441\u043c\u043e\u0442\u0440 \u0430\u0432\u0442\u043e\u043c\u043e\u0431\u043e\u043b\u0438\u0435\u0439; \u0430\u0440\u0435\u043d\u0434\u0430 \u043e\u0444\u0438\u0441\u043d\u044b\u0445 \u0438 \u0441\u043a\u043b\u0430\u0434\u0441\u043a\u0438\u0445 \u043f\u043e\u043c\u0435\u0449\u0435\u043d\u0438\u0439.","robots":{"index":"index","follow":"follow","max-snippet":"max-snippet:-1","max-image-preview":"max-image-preview:large","max-video-preview":"max-video-preview:-1"},"canonical":"https:\/\/www.narvaauto.ee\/de\/unsere-leistungen\/","og_locale":"de_DE","og_type":"article","og_title":"Unsere Leistungen | Narva Auto AS","og_description":"Narva Auto AS \u043f\u0440\u0435\u0434\u043b\u0430\u0433\u0430\u0435\u0442 \u0440\u0430\u0437\u043b\u0438\u0447\u043d\u044b\u0435 \u0443\u0441\u043b\u0443\u0433\u0438 \u0442\u0430\u043a\u0438\u0435 \u043a\u0430\u043a, \u043c\u0435\u0436\u0434\u0443\u043d\u0430\u0440\u043e\u0434\u043d\u044b\u0435 \u043f\u0435\u0440\u0435\u0432\u043e\u0437\u043a\u0438; \u0442\u0430\u043c\u043e\u0436\u0435\u043d\u043d\u044b\u0435 \u0431\u0440\u043e\u043a\u0435\u0440\u0441\u043a\u0438\u0435 \u0443\u0441\u043b\u0443\u0433\u0438; \u043e\u0431\u0441\u043b\u0443\u0436\u0438\u0432\u0430\u043d\u0438\u0435, \u0440\u0435\u043c\u043e\u043d\u0442 \u0438 \u043c\u043e\u0439\u043a\u0430 \u0430\u0432\u0442\u043e\u0442\u0440\u0430\u043d\u0441\u043f\u043e\u0440\u0442\u0430; \u044d\u043a\u0441\u043f\u0435\u0434\u0438\u0440\u043e\u0432\u0430\u043d\u0438\u0435 \u0433\u0440\u0443\u0437\u043e\u0432; \u0442\u0435\u0445\u043d\u0438\u0447\u0435\u0441\u043a\u0438\u0439 \u043e\u0441\u043c\u043e\u0442\u0440 \u0430\u0432\u0442\u043e\u043c\u043e\u0431\u043e\u043b\u0438\u0435\u0439; \u0430\u0440\u0435\u043d\u0434\u0430 \u043e\u0444\u0438\u0441\u043d\u044b\u0445 \u0438 \u0441\u043a\u043b\u0430\u0434\u0441\u043a\u0438\u0445 \u043f\u043e\u043c\u0435\u0449\u0435\u043d\u0438\u0439.","og_url":"https:\/\/www.narvaauto.ee\/de\/unsere-leistungen\/","og_site_name":"Narva Auto AS","article_publisher":"https:\/\/www.facebook.com\/narvaauto.ee","article_modified_time":"2024-12-20T14:49:58+00:00","og_image":[{"width":1000,"height":1000,"url":"https:\/\/www.narvaauto.ee\/wp-content\/uploads\/2019\/08\/narvaauto.jpg","type":"image\/jpeg"}],"twitter_card":"summary_large_image","twitter_misc":{"Gesch\u00e4tzte Lesezeit":"2 Minuten"},"schema":{"@context":"https:\/\/schema.org","@graph":[{"@type":"WebPage","@id":"https:\/\/www.narvaauto.ee\/de\/unsere-leistungen\/","url":"https:\/\/www.narvaauto.ee\/de\/unsere-leistungen\/","name":"Unsere Leistungen | Narva Auto AS","isPartOf":{"@id":"https:\/\/www.narvaauto.ee\/de\/#website"},"primaryImageOfPage":{"@id":"https:\/\/www.narvaauto.ee\/de\/unsere-leistungen\/#primaryimage"},"image":{"@id":"https:\/\/www.narvaauto.ee\/de\/unsere-leistungen\/#primaryimage"},"thumbnailUrl":"https:\/\/www.narvaauto.ee\/wp-content\/uploads\/2019\/08\/narvaauto.jpg","datePublished":"2020-06-02T11:28:49+00:00","dateModified":"2024-12-20T14:49:58+00:00","description":"Narva Auto AS \u043f\u0440\u0435\u0434\u043b\u0430\u0433\u0430\u0435\u0442 \u0440\u0430\u0437\u043b\u0438\u0447\u043d\u044b\u0435 \u0443\u0441\u043b\u0443\u0433\u0438 \u0442\u0430\u043a\u0438\u0435 \u043a\u0430\u043a, \u043c\u0435\u0436\u0434\u0443\u043d\u0430\u0440\u043e\u0434\u043d\u044b\u0435 \u043f\u0435\u0440\u0435\u0432\u043e\u0437\u043a\u0438; \u0442\u0430\u043c\u043e\u0436\u0435\u043d\u043d\u044b\u0435 \u0431\u0440\u043e\u043a\u0435\u0440\u0441\u043a\u0438\u0435 \u0443\u0441\u043b\u0443\u0433\u0438; \u043e\u0431\u0441\u043b\u0443\u0436\u0438\u0432\u0430\u043d\u0438\u0435, \u0440\u0435\u043c\u043e\u043d\u0442 \u0438 \u043c\u043e\u0439\u043a\u0430 \u0430\u0432\u0442\u043e\u0442\u0440\u0430\u043d\u0441\u043f\u043e\u0440\u0442\u0430; \u044d\u043a\u0441\u043f\u0435\u0434\u0438\u0440\u043e\u0432\u0430\u043d\u0438\u0435 \u0433\u0440\u0443\u0437\u043e\u0432; \u0442\u0435\u0445\u043d\u0438\u0447\u0435\u0441\u043a\u0438\u0439 \u043e\u0441\u043c\u043e\u0442\u0440 \u0430\u0432\u0442\u043e\u043c\u043e\u0431\u043e\u043b\u0438\u0435\u0439; \u0430\u0440\u0435\u043d\u0434\u0430 \u043e\u0444\u0438\u0441\u043d\u044b\u0445 \u0438 \u0441\u043a\u043b\u0430\u0434\u0441\u043a\u0438\u0445 \u043f\u043e\u043c\u0435\u0449\u0435\u043d\u0438\u0439.","breadcrumb":{"@id":"https:\/\/www.narvaauto.ee\/de\/unsere-leistungen\/#breadcrumb"},"inLanguage":"de-DE","potentialAction":[{"@type":"ReadAction","target":["https:\/\/www.narvaauto.ee\/de\/unsere-leistungen\/"]}]},{"@type":"ImageObject","inLanguage":"de-DE","@id":"https:\/\/www.narvaauto.ee\/de\/unsere-leistungen\/#primaryimage","url":"https:\/\/www.narvaauto.ee\/wp-content\/uploads\/2019\/08\/narvaauto.jpg","contentUrl":"https:\/\/www.narvaauto.ee\/wp-content\/uploads\/2019\/08\/narvaauto.jpg","width":1000,"height":1000},{"@type":"BreadcrumbList","@id":"https:\/\/www.narvaauto.ee\/de\/unsere-leistungen\/#breadcrumb","itemListElement":[{"@type":"ListItem","position":1,"name":"\u0413\u043b\u0430\u0432\u043d\u0430\u044f \u0441\u0442\u0440\u0430\u043d\u0438\u0446\u0430","item":"https:\/\/www.narvaauto.ee\/de\/"},{"@type":"ListItem","position":2,"name":"Unsere Leistungen"}]},{"@type":"WebSite","@id":"https:\/\/www.narvaauto.ee\/de\/#website","url":"https:\/\/www.narvaauto.ee\/de\/","name":"Narva Auto AS","description":"","publisher":{"@id":"https:\/\/www.narvaauto.ee\/de\/#organization"},"potentialAction":[{"@type":"SearchAction","target":{"@type":"EntryPoint","urlTemplate":"https:\/\/www.narvaauto.ee\/de\/?s={search_term_string}"},"query-input":{"@type":"PropertyValueSpecification","valueRequired":true,"valueName":"search_term_string"}}],"inLanguage":"de-DE"},{"@type":"Organization","@id":"https:\/\/www.narvaauto.ee\/de\/#organization","name":"Narva Auto AS","url":"https:\/\/www.narvaauto.ee\/de\/","logo":{"@type":"ImageObject","inLanguage":"de-DE","@id":"https:\/\/www.narvaauto.ee\/de\/#\/schema\/logo\/image\/","url":"https:\/\/www.narvaauto.ee\/wp-content\/uploads\/2019\/08\/narvaauto.jpg","contentUrl":"https:\/\/www.narvaauto.ee\/wp-content\/uploads\/2019\/08\/narvaauto.jpg","width":1000,"height":1000,"caption":"Narva Auto AS"},"image":{"@id":"https:\/\/www.narvaauto.ee\/de\/#\/schema\/logo\/image\/"},"sameAs":["https:\/\/www.facebook.com\/narvaauto.ee","https:\/\/www.instagram.com\/narvaauto.ee\/"]}]}},"jetpack_sharing_enabled":true,"_links":{"self":[{"href":"https:\/\/www.narvaauto.ee\/de\/wp-json\/wp\/v2\/pages\/1738"}],"collection":[{"href":"https:\/\/www.narvaauto.ee\/de\/wp-json\/wp\/v2\/pages"}],"about":[{"href":"https:\/\/www.narvaauto.ee\/de\/wp-json\/wp\/v2\/types\/page"}],"author":[{"embeddable":true,"href":"https:\/\/www.narvaauto.ee\/de\/wp-json\/wp\/v2\/users\/1"}],"replies":[{"embeddable":true,"href":"https:\/\/www.narvaauto.ee\/de\/wp-json\/wp\/v2\/comments?post=1738"}],"version-history":[{"count":11,"href":"https:\/\/www.narvaauto.ee\/de\/wp-json\/wp\/v2\/pages\/1738\/revisions"}],"predecessor-version":[{"id":3926,"href":"https:\/\/www.narvaauto.ee\/de\/wp-json\/wp\/v2\/pages\/1738\/revisions\/3926"}],"wp:featuredmedia":[{"embeddable":true,"href":"https:\/\/www.narvaauto.ee\/de\/wp-json\/wp\/v2\/media\/1716"}],"wp:attachment":[{"href":"https:\/\/www.narvaauto.ee\/de\/wp-json\/wp\/v2\/media?parent=1738"}],"curies":[{"name":"wp","href":"https:\/\/api.w.org\/{rel}","templated":true}]}}